{"id":2401,"date":"2020-05-23T17:15:21","date_gmt":"2020-05-23T15:15:21","guid":{"rendered":"https:\/\/avaloncomicart.com\/?page_id=2401"},"modified":"2020-05-23T17:15:21","modified_gmt":"2020-05-23T15:15:21","slug":"termini-e-condizioni-dei-disegni-su-commissione","status":"publish","type":"page","link":"https:\/\/avaloncomicart.com\/en\/termini-e-condizioni-dei-disegni-su-commissione\/","title":{"rendered":"Termini e condizioni dei disegni su commissione"},"content":{"rendered":"\t\t<div data-elementor-type=\"wp-page\" data-elementor-id=\"2401\" class=\"elementor elementor-2401 elementor-1570\" data-elementor-post-type=\"page\">\n\t\t\t\t\t\t<section class=\"elementor-section elementor-top-section elementor-element elementor-element-5b41a40 elementor-section-height-min-height elementor-section-boxed elementor-section-height-default elementor-section-items-middle\" data-id=\"5b41a40\" data-element_type=\"section\" data-e-type=\"section\">\n\t\t\t\t\t\t<div class=\"elementor-container elementor-column-gap-default\">\n\t\t\t\t\t<div class=\"elementor-column elementor-col-100 elementor-top-column elementor-element elementor-element-f577035\" data-id=\"f577035\" data-element_type=\"column\" data-e-type=\"column\">\n\t\t\t<div class=\"elementor-widget-wrap elementor-element-populated\">\n\t\t\t\t\t\t<div class=\"elementor-element elementor-element-2bff61a elementor-widget elementor-widget-spacer\" data-id=\"2bff61a\" data-element_type=\"widget\" data-e-type=\"widget\" data-widget_type=\"spacer.default\">\n\t\t\t\t<div class=\"elementor-widget-container\">\n\t\t\t\t\t\t\t<div class=\"elementor-spacer\">\n\t\t\t<div class=\"elementor-spacer-inner\"><\/div>\n\t\t<\/div>\n\t\t\t\t\t\t<\/div>\n\t\t\t\t<\/div>\n\t\t\t\t\t<\/div>\n\t\t<\/div>\n\t\t\t\t\t<\/div>\n\t\t<\/section>\n\t\t\t\t<section class=\"elementor-section elementor-top-section elementor-element elementor-element-12684c0 elementor-section-height-min-height elementor-section-boxed elementor-section-height-default elementor-section-items-middle\" data-id=\"12684c0\" data-element_type=\"section\" data-e-type=\"section\">\n\t\t\t\t\t\t<div class=\"elementor-container elementor-column-gap-default\">\n\t\t\t\t\t<div class=\"elementor-column elementor-col-100 elementor-top-column elementor-element elementor-element-9c48f19\" data-id=\"9c48f19\" data-element_type=\"column\" data-e-type=\"column\">\n\t\t\t<div class=\"elementor-widget-wrap elementor-element-populated\">\n\t\t\t\t\t\t<div class=\"elementor-element elementor-element-653433d elementor-widget elementor-widget-text-editor\" data-id=\"653433d\" data-element_type=\"widget\" data-e-type=\"widget\" data-widget_type=\"text-editor.default\">\n\t\t\t\t<div class=\"elementor-widget-container\">\n\t\t\t\t\t\t\t\t\t<p class=\"p1\"><span class=\"s1\"><b>TERMINI E CONDIZIONI DEI DISEGNI SU COMMISSIONE<\/b><\/span><\/p><p class=\"p3\"><span class=\"s1\">1)Si precisa che IL DISEGNO SU COMMISSIONE \u00e8 L&#8217;ILLUSTRAZIONE richiesta, ma che nel risultato finale sono comprese la quantit\u00e0 di tempo e le abilit\u00e0 artistiche dell&#8217;autore che sono state necessarie per realizzare un pezzo unico e su misura.<\/span><\/p><p class=\"p3\"><span class=\"s1\">2)Di regola (ma non in tutti i casi), un autore fornir\u00e0 uno o pi\u00f9 bozzetti della commission per la approvazione. E&#8217; possibile richiedere espressamente l&#8217;invio del bozzetto da approvare. Se non richiesto espressamente e se non rientra nelle abitudini di lavoro dell&#8217;autore il bozzetto non sar\u00e0 inviato. Al momento dell&#8217;ordine \u00e8 consentito inviare una breve descrizione e\/o delle immagini come referenze del soggetto che si vuole raffigurato nella commission. Dopo l&#8217;approvazione del bozzetto, l&#8217;autore seguir\u00e0 la propria libera espressione artistica e non saranno ammessi interventi di controllo o di direzione durante la realizzazione dell&#8217;opera.<\/span><\/p><p class=\"p3\"><span class=\"s1\">TUTTI i contatti per la commission passano attraverso AVALON Comic Art in modo tale da lasciare libero l&#8217;autore di dedicarsi solo alla realizzazione della commission.<\/span><\/p><p class=\"p3\"><span class=\"s1\">3)I prezzi delle commission possono variare in base alla complessit\u00e0 e alle dimensioni della richiesta. L&#8217;autore ha sempre il diritto e la facolt\u00e0 di stabilire la variazione di prezzo che riterr\u00e0 adeguata in base alla richiesta ricevuta.<\/span><\/p><p class=\"p3\"><span class=\"s1\">Naturalmente la variazione di prezzo rispetto al listino prezzi di riferimento sar\u00e0 concordato prima dell&#8217;inizio del lavoro.<\/span><\/p><p class=\"p3\"><span class=\"s1\">4)\u00c8 comprensibile avere delle aspettative quando si ordina un disegno su commissione, ma bisogna tenere conto che si sta ordinando una commission a un autore del quale si apprezza il lavoro e per questo \u00e8 fondamentale la fiducia nell&#8217;autore stesso, nelle sue capacit\u00e0 e nella sua libera espressione artistica. L&#8217;autore ha il diritto di fare le proprie scelte in merito al lavoro commissionato e di portarle a termine senza interferenze. L&#8217;autore si riserva il diritto di rifiutare le commission in base ai contenuti e alle preferenze espresse dal cliente se ritiene (per qualsiasi motivo) di non poterle disegnare.<\/span><\/p><p class=\"p3\"><span class=\"s1\">5)Come specificato nei punti precedenti, il disegno su commissione non consente al cliente il pieno controllo sul risultato finale. In tal caso, AVALON suggerisce di considerare attentamente quanto enunciato nel presente regolamento e, come alternativa, di consultare liberamente il proprio shop online dove si possono trovare diverse tavole originali e illustrazioni gi\u00e0 finite e pubblicate senza ulteriori complicazioni).<\/span><\/p><p class=\"p3\"><span class=\"s1\">6) il cliente, nel caso in cui non fosse soddisfatto della commision finita, \u00e8 tenuto, avendo accettato questi termini e condizioni al momento dell&#8217;ordine, a completare il pagamento integrale per la commission.<\/span><\/p><p class=\"p3\"><span class=\"s1\">7)In qualit\u00e0 di rappresentante degli autori, il primo impegno di AVALON \u00e8 rendere felice un cliente per il suo ordine e allo stesso tempo promuovere con entusiasmo i autori che si impegneranno al massimo per soddisfare le richieste e le aspettative del cliente.<\/span><\/p><p class=\"p3\"><span class=\"s1\">8)La persona che commissiona l&#8217;opera originale possiede solo l&#8217;opera stessa e non mantiene i diritti sull&#8217;opera. L&#8217;artista potr\u00e0 successivamente utilizzare le immagini delle sue opere su materiali stampati o pubblicazioni.<\/span><\/p>\t\t\t\t\t\t\t\t<\/div>\n\t\t\t\t<\/div>\n\t\t\t\t\t<\/div>\n\t\t<\/div>\n\t\t\t\t\t<\/div>\n\t\t<\/section>\n\t\t\t\t<\/div>\n\t\t","protected":false},"excerpt":{"rendered":"<p>The art on Commission is the Illustration required, but the final result includes the amount of time and the artistic skills of the author that were necessary to create a unique and original piece. Usually (but not in all cases), an artist will offer one or more concept study of your commission to be approved. [&hellip;]<\/p>\n","protected":false},"author":2,"featured_media":0,"parent":0,"menu_order":0,"comment_status":"closed","ping_status":"closed","template":"","meta":{"_acf_changed":false,"footnotes":""},"class_list":["post-2401","page","type-page","status-publish","hentry"],"acf":[],"yoast_head":"<!-- This site is optimized with the Yoast SEO plugin v27.2 - https:\/\/yoast.com\/product\/yoast-seo-wordpress\/ -->\n<title>Termini e condizioni dei disegni su commissione - Avalon Comic Art<\/title>\n<meta name=\"robots\" content=\"index, follow, max-snippet:-1, max-image-preview:large, max-video-preview:-1\" \/>\n<link rel=\"canonical\" href=\"https:\/\/avaloncomicart.com\/termini-e-condizioni-dei-disegni-su-commissione\/\" \/>\n<meta property=\"og:locale\" content=\"en_US\" \/>\n<meta property=\"og:type\" content=\"article\" \/>\n<meta property=\"og:title\" content=\"Termini e condizioni dei disegni su commissione - Avalon Comic Art\" \/>\n<meta property=\"og:description\" content=\"The art on Commission is the Illustration required, but the final result includes the amount of time and the artistic skills of the author that were necessary to create a unique and original piece. Usually (but not in all cases), an artist will offer one or more concept study of your commission to be approved. [&hellip;]\" \/>\n<meta property=\"og:url\" content=\"https:\/\/avaloncomicart.com\/termini-e-condizioni-dei-disegni-su-commissione\/\" \/>\n<meta property=\"og:site_name\" content=\"Avalon Comic Art\" \/>\n<meta name=\"twitter:card\" content=\"summary_large_image\" \/>\n<meta name=\"twitter:label1\" content=\"Est. reading time\" \/>\n\t<meta name=\"twitter:data1\" content=\"2 minutes\" \/>\n<script type=\"application\/ld+json\" class=\"yoast-schema-graph\">{\"@context\":\"https:\/\/schema.org\",\"@graph\":[{\"@type\":\"WebPage\",\"@id\":\"https:\/\/avaloncomicart.com\/termini-e-condizioni-dei-disegni-su-commissione\/\",\"url\":\"https:\/\/avaloncomicart.com\/termini-e-condizioni-dei-disegni-su-commissione\/\",\"name\":\"Termini e condizioni dei disegni su commissione - Avalon Comic Art\",\"isPartOf\":{\"@id\":\"https:\/\/avaloncomicart.com\/#website\"},\"datePublished\":\"2020-05-23T15:15:21+00:00\",\"breadcrumb\":{\"@id\":\"https:\/\/avaloncomicart.com\/termini-e-condizioni-dei-disegni-su-commissione\/#breadcrumb\"},\"inLanguage\":\"en-US\",\"potentialAction\":[{\"@type\":\"ReadAction\",\"target\":[\"https:\/\/avaloncomicart.com\/termini-e-condizioni-dei-disegni-su-commissione\/\"]}]},{\"@type\":\"BreadcrumbList\",\"@id\":\"https:\/\/avaloncomicart.com\/termini-e-condizioni-dei-disegni-su-commissione\/#breadcrumb\",\"itemListElement\":[{\"@type\":\"ListItem\",\"position\":1,\"name\":\"Home\",\"item\":\"https:\/\/avaloncomicart.com\/en\/\"},{\"@type\":\"ListItem\",\"position\":2,\"name\":\"Termini e condizioni dei disegni su commissione\"}]},{\"@type\":\"WebSite\",\"@id\":\"https:\/\/avaloncomicart.com\/#website\",\"url\":\"https:\/\/avaloncomicart.com\/\",\"name\":\"Avalon Comic Art\",\"description\":\"Avalon Comic Art\",\"potentialAction\":[{\"@type\":\"SearchAction\",\"target\":{\"@type\":\"EntryPoint\",\"urlTemplate\":\"https:\/\/avaloncomicart.com\/?s={search_term_string}\"},\"query-input\":{\"@type\":\"PropertyValueSpecification\",\"valueRequired\":true,\"valueName\":\"search_term_string\"}}],\"inLanguage\":\"en-US\"}]}<\/script>\n<!-- \/ Yoast SEO plugin. -->","yoast_head_json":{"title":"Termini e condizioni dei disegni su commissione - Avalon Comic Art","robots":{"index":"index","follow":"follow","max-snippet":"max-snippet:-1","max-image-preview":"max-image-preview:large","max-video-preview":"max-video-preview:-1"},"canonical":"https:\/\/avaloncomicart.com\/termini-e-condizioni-dei-disegni-su-commissione\/","og_locale":"en_US","og_type":"article","og_title":"Termini e condizioni dei disegni su commissione - Avalon Comic Art","og_description":"The art on Commission is the Illustration required, but the final result includes the amount of time and the artistic skills of the author that were necessary to create a unique and original piece. Usually (but not in all cases), an artist will offer one or more concept study of your commission to be approved. [&hellip;]","og_url":"https:\/\/avaloncomicart.com\/termini-e-condizioni-dei-disegni-su-commissione\/","og_site_name":"Avalon Comic Art","twitter_card":"summary_large_image","twitter_misc":{"Est. reading time":"2 minutes"},"schema":{"@context":"https:\/\/schema.org","@graph":[{"@type":"WebPage","@id":"https:\/\/avaloncomicart.com\/termini-e-condizioni-dei-disegni-su-commissione\/","url":"https:\/\/avaloncomicart.com\/termini-e-condizioni-dei-disegni-su-commissione\/","name":"Termini e condizioni dei disegni su commissione - Avalon Comic Art","isPartOf":{"@id":"https:\/\/avaloncomicart.com\/#website"},"datePublished":"2020-05-23T15:15:21+00:00","breadcrumb":{"@id":"https:\/\/avaloncomicart.com\/termini-e-condizioni-dei-disegni-su-commissione\/#breadcrumb"},"inLanguage":"en-US","potentialAction":[{"@type":"ReadAction","target":["https:\/\/avaloncomicart.com\/termini-e-condizioni-dei-disegni-su-commissione\/"]}]},{"@type":"BreadcrumbList","@id":"https:\/\/avaloncomicart.com\/termini-e-condizioni-dei-disegni-su-commissione\/#breadcrumb","itemListElement":[{"@type":"ListItem","position":1,"name":"Home","item":"https:\/\/avaloncomicart.com\/en\/"},{"@type":"ListItem","position":2,"name":"Termini e condizioni dei disegni su commissione"}]},{"@type":"WebSite","@id":"https:\/\/avaloncomicart.com\/#website","url":"https:\/\/avaloncomicart.com\/","name":"Avalon Comic Art","description":"Avalon Comic Art","potentialAction":[{"@type":"SearchAction","target":{"@type":"EntryPoint","urlTemplate":"https:\/\/avaloncomicart.com\/?s={search_term_string}"},"query-input":{"@type":"PropertyValueSpecification","valueRequired":true,"valueName":"search_term_string"}}],"inLanguage":"en-US"}]}},"_links":{"self":[{"href":"https:\/\/avaloncomicart.com\/en\/wp-json\/wp\/v2\/pages\/2401","targetHints":{"allow":["GET"]}}],"collection":[{"href":"https:\/\/avaloncomicart.com\/en\/wp-json\/wp\/v2\/pages"}],"about":[{"href":"https:\/\/avaloncomicart.com\/en\/wp-json\/wp\/v2\/types\/page"}],"author":[{"embeddable":true,"href":"https:\/\/avaloncomicart.com\/en\/wp-json\/wp\/v2\/users\/2"}],"replies":[{"embeddable":true,"href":"https:\/\/avaloncomicart.com\/en\/wp-json\/wp\/v2\/comments?post=2401"}],"version-history":[{"count":0,"href":"https:\/\/avaloncomicart.com\/en\/wp-json\/wp\/v2\/pages\/2401\/revisions"}],"wp:attachment":[{"href":"https:\/\/avaloncomicart.com\/en\/wp-json\/wp\/v2\/media?parent=2401"}],"curies":[{"name":"wp","href":"https:\/\/api.w.org\/{rel}","templated":true}]}}